{"id":563,"date":"2021-01-19T13:56:00","date_gmt":"2021-01-19T12:56:00","guid":{"rendered":"http:\/\/quimicaymedioambiente.unizar.es\/?page_id=563"},"modified":"2022-02-17T19:59:31","modified_gmt":"2022-02-17T18:59:31","slug":"lineas-de-investigacion","status":"publish","type":"page","link":"https:\/\/quimicaymedioambiente.unizar.es\/?page_id=563","title":{"rendered":"Proyectos competitivos"},"content":{"rendered":"\t\t<div data-elementor-type=\"wp-page\" data-elementor-id=\"563\" class=\"elementor elementor-563\">\n\t\t\t\t\t\t\t\t\t<section class=\"elementor-section elementor-top-section elementor-element elementor-element-1b21069 elementor-section-boxed elementor-section-height-default elementor-section-height-default\" data-id=\"1b21069\" data-element_type=\"section\">\n\t\t\t\t\t\t<div class=\"elementor-container elementor-column-gap-default\">\n\t\t\t\t\t<div class=\"elementor-column elementor-col-100 elementor-top-column elementor-element elementor-element-c7c8e1f\" data-id=\"c7c8e1f\" data-element_type=\"column\">\n\t\t\t<div class=\"elementor-widget-wrap elementor-element-populated\">\n\t\t\t\t\t\t\t\t<div class=\"elementor-element elementor-element-652de54 elementor-widget elementor-widget-text-editor\" data-id=\"652de54\" data-element_type=\"widget\" data-widget_type=\"text-editor.default\">\n\t\t\t\t<div class=\"elementor-widget-container\">\n\t\t\t\t\t\t\t<h1><strong><a href=\"https:\/\/laantartida.unizar.es\">CARACTERIZACI\u00d3N DE AEROSOLES ATMOSF\u00c9RICOS EN LA ANT\u00c1RTIDA<\/a><\/strong><\/h1><h3>Investigadores\/as: Jes\u00fas Anzano, Jorge C\u00e1ceres, C\u00e9sar Marina, Javier Del Valle, L.Vicente P\u00e9rez-Arribas, Susana Cabredo, Mariano Laguna, Juan J. Monge y Roberto J. Lasheras.<\/h3><h4>Entidad financiadora: Ministerio de Ciencia e Innovaci\u00f3n. Ref.CTM2017-82929-R. \u00a02018-2021.<\/h4>\t\t\t\t\t\t<\/div>\n\t\t\t\t<\/div>\n\t\t\t\t\t<\/div>\n\t\t<\/div>\n\t\t\t\t\t\t\t<\/div>\n\t\t<\/section>\n\t\t\t\t\t\t\t<\/div>\n\t\t","protected":false},"excerpt":{"rendered":"<p>CARACTERIZACI\u00d3N DE AEROSOLES ATMOSF\u00c9RICOS EN LA ANT\u00c1RTIDA Investigadores\/as: Jes\u00fas Anzano, Jorge C\u00e1ceres, C\u00e9sar Marina, Javier Del Valle, L.Vicente P\u00e9rez-Arribas, Susana Cabredo, Mariano Laguna, Juan J. Monge y Roberto J. Lasheras. &hellip;<\/p>\n<p class=\"read-more\"> <a class=\"\" href=\"https:\/\/quimicaymedioambiente.unizar.es\/?page_id=563\"> <span class=\"screen-reader-text\">Proyectos competitivos<\/span> Leer m\u00e1s &raquo;<\/a><\/p>\n","protected":false},"author":1,"featured_media":0,"parent":0,"menu_order":0,"comment_status":"closed","ping_status":"closed","template":"","meta":{"footnotes":""},"_links":{"self":[{"href":"https:\/\/quimicaymedioambiente.unizar.es\/index.php?rest_route=\/wp\/v2\/pages\/563"}],"collection":[{"href":"https:\/\/quimicaymedioambiente.unizar.es\/index.php?rest_route=\/wp\/v2\/pages"}],"about":[{"href":"https:\/\/quimicaymedioambiente.unizar.es\/index.php?rest_route=\/wp\/v2\/types\/page"}],"author":[{"embeddable":true,"href":"https:\/\/quimicaymedioambiente.unizar.es\/index.php?rest_route=\/wp\/v2\/users\/1"}],"replies":[{"embeddable":true,"href":"https:\/\/quimicaymedioambiente.unizar.es\/index.php?rest_route=%2Fwp%2Fv2%2Fcomments&post=563"}],"version-history":[{"count":11,"href":"https:\/\/quimicaymedioambiente.unizar.es\/index.php?rest_route=\/wp\/v2\/pages\/563\/revisions"}],"predecessor-version":[{"id":2243,"href":"https:\/\/quimicaymedioambiente.unizar.es\/index.php?rest_route=\/wp\/v2\/pages\/563\/revisions\/2243"}],"wp:attachment":[{"href":"https:\/\/quimicaymedioambiente.unizar.es\/index.php?rest_route=%2Fwp%2Fv2%2Fmedia&parent=563"}],"curies":[{"name":"wp","href":"https:\/\/api.w.org\/{rel}","templated":true}]}}