{"id":550,"date":"2021-01-19T13:35:34","date_gmt":"2021-01-19T12:35:34","guid":{"rendered":"http:\/\/quimicaymedioambiente.unizar.es\/?page_id=550"},"modified":"2022-10-31T09:07:23","modified_gmt":"2022-10-31T08:07:23","slug":"alumns","status":"publish","type":"page","link":"https:\/\/quimicaymedioambiente.unizar.es\/?page_id=550","title":{"rendered":"ALUMNOS"},"content":{"rendered":"\t\t<div data-elementor-type=\"wp-page\" data-elementor-id=\"550\" class=\"elementor elementor-550\">\n\t\t\t\t\t\t\t\t\t<section class=\"elementor-section elementor-top-section elementor-element elementor-element-7f6145f0 elementor-section-content-middle elementor-section-boxed elementor-section-height-default elementor-section-height-default\" data-id=\"7f6145f0\" data-element_type=\"section\">\n\t\t\t\t\t\t<div class=\"elementor-container elementor-column-gap-no\">\n\t\t\t\t\t<div class=\"elementor-column elementor-col-100 elementor-top-column elementor-element elementor-element-306daa8a\" data-id=\"306daa8a\" data-element_type=\"column\">\n\t\t\t<div class=\"elementor-widget-wrap elementor-element-populated\">\n\t\t\t\t\t\t\t\t<div class=\"elementor-element elementor-element-5ffd4271 elementor-widget elementor-widget-text-editor\" data-id=\"5ffd4271\" data-element_type=\"widget\" data-widget_type=\"text-editor.default\">\n\t\t\t\t<div class=\"elementor-widget-container\">\n\t\t\t\t\t\t\t\t\t\t\t\t\t<\/div>\n\t\t\t\t<\/div>\n\t\t\t\t<div class=\"elementor-element elementor-element-2d7f55c elementor-widget elementor-widget-heading\" data-id=\"2d7f55c\" data-element_type=\"widget\" data-widget_type=\"heading.default\">\n\t\t\t\t<div class=\"elementor-widget-container\">\n\t\t\t<h2 class=\"elementor-heading-title elementor-size-default\">Doctorado<\/h2>\t\t<\/div>\n\t\t\t\t<\/div>\n\t\t\t\t<div class=\"elementor-element elementor-element-1c2f426 elementor-widget elementor-widget-text-editor\" data-id=\"1c2f426\" data-element_type=\"widget\" data-widget_type=\"text-editor.default\">\n\t\t\t\t<div class=\"elementor-widget-container\">\n\t\t\t\t\t\t\t<ol><li><h4>M\u00aa Paz Mart\u00ednez Garbayo, 1996.<\/h4><\/li><li><h4>Alejandro Parra Manzanares 2006.<\/h4><\/li><li><h4>Roberto-Jes\u00fas Lasheras Molina, 2007.<\/h4><\/li><li><h4>Concepci\u00f3n Cristina Bello G\u00e1lvez, 2013.<\/h4><\/li><li><h4>Daniel Paul\u00e9s Ferrer, 2019.<\/h4><\/li><li><h4>C\u00e9sar Marina Montes, 2022.<\/h4><\/li><li><h4>Abrahan Isaac Vel\u00e1squez Ferr\u00edn<\/h4><\/li><\/ol>\t\t\t\t\t\t<\/div>\n\t\t\t\t<\/div>\n\t\t\t\t<div class=\"elementor-element elementor-element-e90a3a9 elementor-widget elementor-widget-heading\" data-id=\"e90a3a9\" data-element_type=\"widget\" data-widget_type=\"heading.default\">\n\t\t\t\t<div class=\"elementor-widget-container\">\n\t\t\t<h2 class=\"elementor-heading-title elementor-size-default\">Proyectos Fin de M\u00e1ster<\/h2>\t\t<\/div>\n\t\t\t\t<\/div>\n\t\t\t\t<div class=\"elementor-element elementor-element-f9d6bd4 elementor-widget elementor-widget-text-editor\" data-id=\"f9d6bd4\" data-element_type=\"widget\" data-widget_type=\"text-editor.default\">\n\t\t\t\t<div class=\"elementor-widget-container\">\n\t\t\t\t\t\t\t<ol><li><h4>Esther Casanova Pinilla, 2020<\/h4><\/li><li><h4>Patricia Artze S\u00e1nchez, 2020.<\/h4><\/li><li><h4>\u00a0Andr\u00e9s Cruz Conesa, 2019.<\/h4><\/li><li><h4>\u00a0Bryan Fernando Arcos Cardoso, 2018.<\/h4><\/li><li><h4>Alberto Cabrerizo Mach\u00edn, 2014.<\/h4><\/li><li><h4>Miguel \u00c1ngel S\u00e1nchez Lorente, 2013.<\/h4><\/li><li><h4>Sonia Sang\u00fcesa Villar, 2012.<\/h4><\/li><li><h4>\u00c1ngel Gabete Mart\u00ednez, 2011.<\/h4><\/li><\/ol>\t\t\t\t\t\t<\/div>\n\t\t\t\t<\/div>\n\t\t\t\t<div class=\"elementor-element elementor-element-b59d659 elementor-widget elementor-widget-heading\" data-id=\"b59d659\" data-element_type=\"widget\" data-widget_type=\"heading.default\">\n\t\t\t\t<div class=\"elementor-widget-container\">\n\t\t\t<h2 class=\"elementor-heading-title elementor-size-default\">Proyectos Fin de Grado<\/h2>\t\t<\/div>\n\t\t\t\t<\/div>\n\t\t\t\t<div class=\"elementor-element elementor-element-497141a elementor-widget elementor-widget-text-editor\" data-id=\"497141a\" data-element_type=\"widget\" data-widget_type=\"text-editor.default\">\n\t\t\t\t<div class=\"elementor-widget-container\">\n\t\t\t\t\t\t\t<ol><li><h4>Luis Rello Var\u00e1s, 2005.<\/h4><\/li><li><h4>Sahnounia Hamida, 2005.<\/h4><\/li><li><h4>Roberto J. Lasheras Molina, 2006.<\/h4><\/li><li><h4>Cristina Bello G\u00e1lvez, 2008.<\/h4><\/li><li><h4>Raquel Lor\u00e9n Cuenca, 2009.<\/h4><\/li><li><h4>Yanina Marco Ag\u00f3n, 2009.<\/h4><\/li><li><h4>Beatriz Montull Ibor, 2009.<\/h4><\/li><li><h4>Beatr\u00edz Bonilla Heredero, 2009.<\/h4><\/li><li><h4>Sonia Sang\u00fcesa Villar, 2010.<\/h4><\/li><li><h4>Eliana Gaspar Moreno, 2012.<\/h4><\/li><li><h4>Raquel Mur S\u00e1nchez, 2016.<\/h4><\/li><li><h4>Javier Mart\u00ednez Lanciego, 2019.<\/h4><\/li><li><h4>Javier Bertges Casta\u00f1era, 2017.<\/h4><\/li><li><h4>Andr\u00e9s Cruz Conesa, 2018.<\/h4><\/li><li><h4>Pascual Almela Monz\u00f3n, 2018.<\/h4><\/li><li><h4>Mar\u00eda Solana Castells, 2020.<\/h4><\/li><li><h4>Patricia Rivas Rubio, 2021.<\/h4><\/li><li><h4>Juan Buil Garc\u00eda, 2022,\u00a0<\/h4><\/li><li><h4>Cristina \u00c1lvarez Solana,\u00a0<\/h4><\/li><\/ol>\t\t\t\t\t\t<\/div>\n\t\t\t\t<\/div>\n\t\t\t\t<div class=\"elementor-element elementor-element-a33cbc5 elementor-widget elementor-widget-text-editor\" data-id=\"a33cbc5\" data-element_type=\"widget\" data-widget_type=\"text-editor.default\">\n\t\t\t\t<div class=\"elementor-widget-container\">\n\t\t\t\t\t\t\t<ol>\n<li>\n<h4>Esther Casanova Pinilla, 2020<\/h4>\n<h4>2Patricia Artze S\u00e1nchez, 2020.<\/h4>\n<\/li>\n<li>\n<h4>&nbsp;Andr\u00e9s Cruz Conesa, 2019.<\/h4>\n<\/li>\n<li>\n<h4>&nbsp;Bryan Fernando Arcos Cardoso, 2018.<\/h4>\n<\/li>\n<li>\n<h4>Alberto Cabrerizo Mach\u00edn, 2014.<\/h4>\n<\/li>\n<li>\n<h4>Miguel \u00c1ngel S\u00e1nchez Lorente, 2013.<\/h4>\n<\/li>\n<li>\n<h4>Sonia Sang\u00fcesa Villar, 2012.<\/h4>\n<\/li>\n<li>\n<h4>\u00c1ngel Gabete Mart\u00ednez, 2011.<\/h4>\n<\/li>\n<\/ol>\t\t\t\t\t\t<\/div>\n\t\t\t\t<\/div>\n\t\t\t\t<div class=\"elementor-element elementor-element-a054b2e elementor-widget elementor-widget-heading\" data-id=\"a054b2e\" data-element_type=\"widget\" data-widget_type=\"heading.default\">\n\t\t\t\t<div class=\"elementor-widget-container\">\n\t\t\t<h2 class=\"elementor-heading-title elementor-size-default\">DoctoradoTesis de Licenciatura<\/h2>\t\t<\/div>\n\t\t\t\t<\/div>\n\t\t\t\t<div class=\"elementor-element elementor-element-3c838db elementor-widget elementor-widget-text-editor\" data-id=\"3c838db\" data-element_type=\"widget\" data-widget_type=\"text-editor.default\">\n\t\t\t\t<div class=\"elementor-widget-container\">\n\t\t\t\t\t\t\t<ol><li><h4>Eva Peris\u00e9 Polo. 1983.<\/h4><\/li><li><h4>Ana S\u00e1nchez Litigo, 1988.<\/h4><\/li><li><h4>M\u00aa Paz Mart\u00ednez Garbayo, 1989.<\/h4><\/li><li><h4>Isela Lavilla Beltr\u00e1n, 1989.<\/h4><\/li><li><h4>I\u00f1igo Belategu\u00ed Aramburuzabala, 1992.<\/h4><\/li><li><h4>Maricela Villanueva Iba\u00f1ez, 1995.<\/h4><\/li><li><h4>Paula Gonz\u00e1lez Blasco, 1996.<\/h4><\/li><li><h4>Norma Asensio Lozano, 1997.<\/h4><\/li><li><h4>Mar\u00eda Ru\u00edz Gil, 2000.<\/h4><\/li><li><h4>M\u00aa Soledad Berm\u00fadez Uyarra, 2003.<span style=\"font-size: 15px; font-style: inherit; color: var( --e-global-color-text ); font-family: var( --e-global-typography-text-font-family ), Sans-serif;\">\u00a0<\/span><\/h4><\/li><\/ol>\t\t\t\t\t\t<\/div>\n\t\t\t\t<\/div>\n\t\t\t\t\t<\/div>\n\t\t<\/div>\n\t\t\t\t\t\t\t<\/div>\n\t\t<\/section>\n\t\t\t\t<section class=\"elementor-section elementor-top-section elementor-element elementor-element-20365c9 elementor-section-boxed elementor-section-height-default elementor-section-height-default\" data-id=\"20365c9\" data-element_type=\"section\">\n\t\t\t\t\t\t<div class=\"elementor-container elementor-column-gap-default\">\n\t\t\t\t\t<div class=\"elementor-column elementor-col-100 elementor-top-column elementor-element elementor-element-4481e3d\" data-id=\"4481e3d\" data-element_type=\"column\">\n\t\t\t<div class=\"elementor-widget-wrap elementor-element-populated\">\n\t\t\t\t\t\t\t\t<div class=\"elementor-element elementor-element-a5e9168 elementor-widget elementor-widget-heading\" data-id=\"a5e9168\" data-element_type=\"widget\" data-widget_type=\"heading.default\">\n\t\t\t\t<div class=\"elementor-widget-container\">\n\t\t\t<h2 class=\"elementor-heading-title elementor-size-default\">Tutela de pr\u00e1cticas universitarias externas<\/h2>\t\t<\/div>\n\t\t\t\t<\/div>\n\t\t\t\t<div class=\"elementor-element elementor-element-52a2b96 elementor-widget elementor-widget-text-editor\" data-id=\"52a2b96\" data-element_type=\"widget\" data-widget_type=\"text-editor.default\">\n\t\t\t\t<div class=\"elementor-widget-container\">\n\t\t\t\t\t\t\t<ol><li><span style=\"font-style: inherit; color: var( --e-global-color-text ); font-family: var( --e-global-typography-text-font-family ), Sans-serif;\">Bego\u00f1a Arza Ramos. Colaboraci\u00f3n en el Departamento de An\u00e1lisis Instrumental en los Ensayos de Alimentos. Centro Nacional de Conservas Vegetales . San Adri\u00e1n, Navarra. 1997-98<\/span><\/li><li><span style=\"font-style: inherit; color: var( --e-global-color-text ); font-family: var( --e-global-typography-text-font-family ), Sans-serif;\">Miguel A. S\u00e1nchez Lorente. G. Motors. 2013<\/span><\/li><li><span style=\"font-style: inherit; color: var( --e-global-color-text ); font-family: var( --e-global-typography-text-font-family ), Sans-serif;\">M\u00f3nica Ferrer Max. Colaboraci\u00f3n en ensayos f\u00edsico-qu\u00edmicos e instrumentales\u00bb Instituto Tecnol\u00f3gico de Arag\u00f3n, Zaragoza. 1999-2000.<\/span><\/li><li><span style=\"font-style: inherit; color: var( --e-global-color-text ); font-family: var( --e-global-typography-text-font-family ), Sans-serif;\">Martina Isabel Lape\u00f1a Garc\u00eda. Determinaci\u00f3n de Selenio mediante la t\u00e9cnica combinada de generaci\u00f3n de hidruros y espectroscopia de absorci\u00f3n at\u00f3mica. Departamento de Qu\u00edmica Anal\u00edtica. Facultad de Veterinaria. Universidad de Zaragoza.1999-2000<\/span><\/li><li><span style=\"font-style: inherit; color: var( --e-global-color-text ); font-family: var( --e-global-typography-text-font-family ), Sans-serif;\">Reyes Ranz Mu\u00f1oz. Determinaci\u00f3n de Selenio mediante la t\u00e9cnica combinada de generaci\u00f3n de hidruros y espectroscopia de absorci\u00f3n at\u00f3mica. Departamento de Qu\u00edmica Anal\u00edtica. Facultad de Veterinaria. Universidad de Zaragoza.1999-2000<\/span><\/li><li><span style=\"font-style: inherit; color: var( --e-global-color-text ); font-family: var( --e-global-typography-text-font-family ), Sans-serif;\">Susana Roca Grasa. Espectrometr\u00eda de Absorci\u00f3n At\u00f3mica. An\u00e1lisis por Inyecci\u00f3n en Flujo. Determinaci\u00f3n de metales en alimentos.Departamento de Qu\u00edmica Anal\u00edtica. Facultad de Veterinaria. Universidad de Zaragoza. 2000-2001<\/span><\/li><li><span style=\"font-style: inherit; color: var( --e-global-color-text ); font-family: var( --e-global-typography-text-font-family ), Sans-serif;\">M\u00aa Esther Casanova Pinilla. Espectroscopia de Descomposici\u00f3n Inducida por L\u00e1ser, LIBS, para la caracterizaci\u00f3n de p\u00e1sticos utilizados en envases de alimentos. Departamento de Qu\u00edmica Anal\u00edtica. Facultad de Veterinaria. Universidad de Zaragoza.Curso 2001-2002<\/span><\/li><li><span style=\"font-style: inherit; color: var( --e-global-color-text ); font-family: var( --e-global-typography-text-font-family ), Sans-serif;\">M\u00aa Soledad Berm\u00fadez Uyarra.Caracterizaci\u00f3n de envases pl\u00e1sticos de alimentos por Espectroscop\u00eda de Descomposici\u00f3n Inducida por L\u00e1ser. Departamento de Qu\u00edmica Anal\u00edtica. Facultad de Veterinaria. Universidad de Zaragoza. Cursos 2001-2002 y 2002-2003<\/span><\/li><li><span style=\"font-style: inherit; color: var( --e-global-color-text ); font-family: var( --e-global-typography-text-font-family ), Sans-serif;\">Roberto Jes\u00fas Lasheras Molina. Nuevas estrategias en el an\u00e1lisis cuantitativo mediante espectroscopia de descomposici\u00f3n inducida por l\u00e1ser. Departamento de Qu\u00edmica Anal\u00edtica. Facultad de Ciencias. Universidad de Zaragoza. Curso 2002-2003<\/span><\/li><li><span style=\"font-style: inherit; color: var( --e-global-color-text ); font-family: var( --e-global-typography-text-font-family ), Sans-serif;\">Cristina Lorente Lorente. Nuevas estrategias en el an\u00e1lisis cuantitativo mediante espectroscopia de descomposici\u00f3n inducida por l\u00e1ser. Departamento de Qu\u00edmica Anal\u00edtica. Facultad de Ciencias. Universidad de Zaragoza. Curso 2002-2003<\/span><\/li><li><span style=\"font-style: inherit; color: var( --e-global-color-text ); font-family: var( --e-global-typography-text-font-family ), Sans-serif;\">M\u00aa Teresa Beneded Serrano. Elaboraci\u00f3n de material docente para el desarrollo de un laboratorio virtual de An\u00e1lisis Qu\u00edmico Instrumental aplicado en alimentos Departamento de Qu\u00edmica Anal\u00edtica. Facultad de Ciencias. Universidad de Zaragoza. Curso 2003-04<\/span><\/li><li><span style=\"font-style: inherit; color: var( --e-global-color-text ); font-family: var( --e-global-typography-text-font-family ), Sans-serif;\">Santiago Marqu\u00e9s Gonz\u00e1lez. ACTIOMED. 2008-2009<\/span><\/li><li><span style=\"font-style: inherit; color: var( --e-global-color-text ); font-family: var( --e-global-typography-text-font-family ), Sans-serif;\">Natalia Mainar Mir. Hospital Cl\u00ednico Universitario Lozano Blesa. 2008<\/span><\/li><li><span style=\"font-style: inherit; color: var( --e-global-color-text ); font-family: var( --e-global-typography-text-font-family ), Sans-serif;\">Raquel Lor\u00e9n Cuenca. EDAR Calatayud \u2013 Gesti\u00f3n de Aguas de Arag\u00f3n, S.A. 2008<\/span><\/li><li><span style=\"font-style: inherit; color: var( --e-global-color-text ); font-family: var( --e-global-typography-text-font-family ), Sans-serif;\">Patricia Sevilla Romeo. FARMBIOCONTROL. 2008<\/span><\/li><li><span style=\"font-style: inherit; color: var( --e-global-color-text ); font-family: var( --e-global-typography-text-font-family ), Sans-serif;\">Myrian Salinas Oncis. ENDESA. 2008<\/span><\/li><li><span style=\"font-style: inherit; color: var( --e-global-color-text ); font-family: var( --e-global-typography-text-font-family ), Sans-serif;\">Mar\u00eda D\u00edez Gab\u00e1s. ARPISA, Aragonesa de piensos, S.A. 2007<\/span><\/li><li><span style=\"font-style: inherit; color: var( --e-global-color-text ); font-family: var( --e-global-typography-text-font-family ), Sans-serif;\">Mar\u00eda del Carmen Blasco Sanz. EXIDE TECHNOLOGIES S.A.U. 2009<\/span><\/li><li><span style=\"font-style: inherit; color: var( --e-global-color-text ); font-family: var( --e-global-typography-text-font-family ), Sans-serif;\">Aida Gonz\u00e1lez del Rosal. Cl\u00ednica Montpelier. 2009<\/span><\/li><li><span style=\"font-style: inherit; color: var( --e-global-color-text ); font-family: var( --e-global-typography-text-font-family ), Sans-serif;\">Alberto Grande Miranda. LASBOR 96, SL. 2009<\/span><\/li><li><span style=\"font-style: inherit; color: var( --e-global-color-text ); font-family: var( --e-global-typography-text-font-family ), Sans-serif;\">\u00c1ngela Beatriz Larraz Prieto. Aragonesa de Piensos, S.A. 2010<\/span><\/li><li><span style=\"font-style: inherit; color: var( --e-global-color-text ); font-family: var( --e-global-typography-text-font-family ), Sans-serif;\">Alberto Martes Clemente. SYRAL Iberia S.A.U. 2011<\/span><\/li><li><span style=\"font-style: inherit; color: var( --e-global-color-text ); font-family: var( --e-global-typography-text-font-family ), Sans-serif;\">Bego\u00f1a Micolau Pina. CADEBRO. 2011<\/span><\/li><li><span style=\"font-style: inherit; color: var( --e-global-color-text ); font-family: var( --e-global-typography-text-font-family ), Sans-serif;\">Marta Muniesa Monge. Esciencia Eventos Cient\u00edficos, SL. 2011<\/span><\/li><li><span style=\"font-style: inherit; color: var( --e-global-color-text ); font-family: var( --e-global-typography-text-font-family ), Sans-serif;\">\u00a0Mar\u00eda In\u00e9s Rico Alqu\u00e9zar. Esciencia Eventos cient\u00edficos, SL. 2011<\/span><\/li><li><span style=\"font-style: inherit; color: var( --e-global-color-text ); font-family: var( --e-global-typography-text-font-family ), Sans-serif;\">Mar\u00eda Ru\u00edz Gil. DGA.1998<\/span><\/li><li><span style=\"font-style: inherit; color: var( --e-global-color-text ); font-family: var( --e-global-typography-text-font-family ), Sans-serif;\">Myrian Salinas Oncis. Torraspapel-Monta\u00f1anesa. 2010<\/span><\/li><li><span style=\"font-style: inherit; color: var( --e-global-color-text ); font-family: var( --e-global-typography-text-font-family ), Sans-serif;\">Myrian Salinas Oncis. Chocolates Lacasa. 2009<\/span><\/li><li><span style=\"font-style: inherit; color: var( --e-global-color-text ); font-family: var( --e-global-typography-text-font-family ), Sans-serif;\">Miguel Alfredo Tom\u00e1s Cebollada. Esciencia, Eventos cient\u00edficos, SL. 2011<\/span><\/li><li><span style=\"font-style: inherit; color: var( --e-global-color-text ); font-family: var( --e-global-typography-text-font-family ), Sans-serif;\">Beatriz Troya Larrayad. SYRAL Iberia SA. 2010<\/span><\/li><li><span style=\"font-style: inherit; color: var( --e-global-color-text ); font-family: var( --e-global-typography-text-font-family ), Sans-serif;\">Sandra Roche Berdejo, Soluciones Luminiscentes. 2015<\/span><\/li><li><span style=\"font-style: inherit; color: var( --e-global-color-text ); font-family: var( --e-global-typography-text-font-family ), Sans-serif;\">Patricia Sevilla Romeo, FARM. Biocontrol. 2008<\/span><\/li><li><span style=\"font-style: inherit; color: var( --e-global-color-text ); font-family: var( --e-global-typography-text-font-family ), Sans-serif;\">M\u00aa Ruiz Gil. DGA. 1998<\/span><\/li><li><span style=\"font-style: inherit; color: var( --e-global-color-text ); font-family: var( --e-global-typography-text-font-family ), Sans-serif;\">M\u00ba Antonia Mata Mata. General Motors. 2015<\/span><\/li><li><span style=\"font-style: inherit; color: var( --e-global-color-text ); font-family: var( --e-global-typography-text-font-family ), Sans-serif;\">M\u00aa Jes\u00fas Palomar Andrea. Cooperativa Agr\u00edcola del Ebro. 2012<\/span><\/li><li><span style=\"font-style: inherit; color: var( --e-global-color-text ); font-family: var( --e-global-typography-text-font-family ), Sans-serif;\">Carlos Llorens Navarro, Harinera de Tardienta. 2015<\/span><\/li><li><span style=\"font-style: inherit; color: var( --e-global-color-text ); font-family: var( --e-global-typography-text-font-family ), Sans-serif;\">Lana Lozano Navas. Lacasa. 201<\/span><\/li><li><span style=\"font-style: inherit; color: var( --e-global-color-text ); font-family: var( --e-global-typography-text-font-family ), Sans-serif;\">Pilar Berl\u00edn Larque. Nurel. 2013<\/span><\/li><li><span style=\"font-style: inherit; color: var( --e-global-color-text ); font-family: var( --e-global-typography-text-font-family ), Sans-serif;\">David Buil Almend\u00e1riz. Esciencia.<\/span><\/li><li><span style=\"font-style: inherit; color: var( --e-global-color-text ); font-family: var( --e-global-typography-text-font-family ), Sans-serif;\">Alberto Cabrerizo Machin. Industria Celulosa Aragonesa. 2014<\/span><\/li><li><span style=\"font-style: inherit; color: var( --e-global-color-text ); font-family: var( --e-global-typography-text-font-family ), Sans-serif;\">Jaime Cajal Omella. Lab. Biotest. 2012<\/span><\/li><li><span style=\"font-style: inherit; color: var( --e-global-color-text ); font-family: var( --e-global-typography-text-font-family ), Sans-serif;\">Pablo Dur\u00e1n Casas. SAV-DAM.IDESER. 2012<\/span><\/li><li><span style=\"font-style: inherit; color: var( --e-global-color-text ); font-family: var( --e-global-typography-text-font-family ), Sans-serif;\">\u00c1ngel Gabete Mart\u00ednez. Esciencia. 2012<\/span><\/li><li><span style=\"font-style: inherit; color: var( --e-global-color-text ); font-family: var( --e-global-typography-text-font-family ), Sans-serif;\">Lorena Grima Soriano. CUD. 2014<\/span><\/li><li><span style=\"font-style: inherit; color: var( --e-global-color-text ); font-family: var( --e-global-typography-text-font-family ), Sans-serif;\">Diego Laga Sierra. Esciencia. 2012<\/span><\/li><li><span style=\"font-style: inherit; color: var( --e-global-color-text ); font-family: var( --e-global-typography-text-font-family ), Sans-serif;\">Carlos Llorens Navarro. Harinera de Tardienta. 2015<\/span><\/li><li><span style=\"font-style: inherit; color: var( --e-global-color-text ); font-family: var( --e-global-typography-text-font-family ), Sans-serif;\">Javier Berges Castanera. Laboratorio L\u00e1ser. Departamento de Qu\u00edmica Anal\u00edtica. Universidad de Zaragoza. 2016<\/span><\/li><li>Sonia Alcubierre Sim\u00f3n<span style=\"font-style: inherit; color: var( --e-global-color-text ); font-family: var( --e-global-typography-text-font-family ), Sans-serif;\">Laboratorio L\u00e1ser. Departamento de Qu\u00edmica Anal\u00edtica. Universidad de Zaragoza. 2019<\/span><\/li><li>Pablo Perib\u00e1\u00f1ez.\u00a0<span style=\"font-style: inherit; color: var( --e-global-color-text ); font-family: var( --e-global-typography-text-font-family ), Sans-serif;\">Laboratorio L\u00e1ser. Departamento de Qu\u00edmica Anal\u00edtica. Universidad de Zaragoza. 2020.<\/span><\/li><li>Jes\u00fas garc\u00eda Latorre. CEMEX ESPA\u00d1A. 2021.<\/li><li>Andrea Merino Mart\u00ednez. Centro Nacional de Tecnolog\u00eda y Seguridad Alimentaria, San Adri\u00e1n, Navarra. 2022<\/li><\/ol>\t\t\t\t\t\t<\/div>\n\t\t\t\t<\/div>\n\t\t\t\t\t<\/div>\n\t\t<\/div>\n\t\t\t\t\t\t\t<\/div>\n\t\t<\/section>\n\t\t\t\t\t\t\t<\/div>\n\t\t","protected":false},"excerpt":{"rendered":"<p>Doctorado M\u00aa Paz Mart\u00ednez Garbayo, 1996. Alejandro Parra Manzanares 2006. Roberto-Jes\u00fas Lasheras Molina, 2007. Concepci\u00f3n Cristina Bello G\u00e1lvez, 2013. Daniel Paul\u00e9s Ferrer, 2019. C\u00e9sar Marina Montes, 2022. Abrahan Isaac Vel\u00e1squez &hellip;<\/p>\n<p class=\"read-more\"> <a class=\"\" href=\"https:\/\/quimicaymedioambiente.unizar.es\/?page_id=550\"> <span class=\"screen-reader-text\">ALUMNOS<\/span> Leer m\u00e1s &raquo;<\/a><\/p>\n","protected":false},"author":1,"featured_media":0,"parent":0,"menu_order":0,"comment_status":"closed","ping_status":"closed","template":"","meta":{"footnotes":""},"_links":{"self":[{"href":"https:\/\/quimicaymedioambiente.unizar.es\/index.php?rest_route=\/wp\/v2\/pages\/550"}],"collection":[{"href":"https:\/\/quimicaymedioambiente.unizar.es\/index.php?rest_route=\/wp\/v2\/pages"}],"about":[{"href":"https:\/\/quimicaymedioambiente.unizar.es\/index.php?rest_route=\/wp\/v2\/types\/page"}],"author":[{"embeddable":true,"href":"https:\/\/quimicaymedioambiente.unizar.es\/index.php?rest_route=\/wp\/v2\/users\/1"}],"replies":[{"embeddable":true,"href":"https:\/\/quimicaymedioambiente.unizar.es\/index.php?rest_route=%2Fwp%2Fv2%2Fcomments&post=550"}],"version-history":[{"count":69,"href":"https:\/\/quimicaymedioambiente.unizar.es\/index.php?rest_route=\/wp\/v2\/pages\/550\/revisions"}],"predecessor-version":[{"id":2533,"href":"https:\/\/quimicaymedioambiente.unizar.es\/index.php?rest_route=\/wp\/v2\/pages\/550\/revisions\/2533"}],"wp:attachment":[{"href":"https:\/\/quimicaymedioambiente.unizar.es\/index.php?rest_route=%2Fwp%2Fv2%2Fmedia&parent=550"}],"curies":[{"name":"wp","href":"https:\/\/api.w.org\/{rel}","templated":true}]}}