{"id":545,"date":"2021-01-19T13:22:26","date_gmt":"2021-01-19T12:22:26","guid":{"rendered":"http:\/\/quimicaymedioambiente.unizar.es\/?page_id=545"},"modified":"2022-02-17T19:32:23","modified_gmt":"2022-02-17T18:32:23","slug":"miembros","status":"publish","type":"page","link":"https:\/\/quimicaymedioambiente.unizar.es\/?page_id=545","title":{"rendered":"Miembros"},"content":{"rendered":"\t\t<div data-elementor-type=\"wp-page\" data-elementor-id=\"545\" class=\"elementor elementor-545\">\n\t\t\t\t\t\t\t\t\t<section class=\"elementor-section elementor-top-section elementor-element elementor-element-5fea687 elementor-section-boxed elementor-section-height-default elementor-section-height-default\" data-id=\"5fea687\" data-element_type=\"section\">\n\t\t\t\t\t\t<div class=\"elementor-container elementor-column-gap-default\">\n\t\t\t\t\t<div class=\"elementor-column elementor-col-100 elementor-top-column elementor-element elementor-element-c7c1f53\" data-id=\"c7c1f53\" data-element_type=\"column\">\n\t\t\t<div class=\"elementor-widget-wrap elementor-element-populated\">\n\t\t\t\t\t\t\t\t<div class=\"elementor-element elementor-element-2455a3e elementor-widget elementor-widget-image\" data-id=\"2455a3e\" data-element_type=\"widget\" data-widget_type=\"image.default\">\n\t\t\t\t<div class=\"elementor-widget-container\">\n\t\t\t\t\t\t\t\t\t\t\t\t\t\t\t<img loading=\"lazy\" decoding=\"async\" width=\"1024\" height=\"900\" src=\"https:\/\/quimicaymedioambiente.unizar.es\/wp-content\/uploads\/IMG_9484-1024x900.jpg\" class=\"attachment-large size-large wp-image-2226\" alt=\"\" srcset=\"https:\/\/quimicaymedioambiente.unizar.es\/wp-content\/uploads\/IMG_9484-1024x900.jpg 1024w, https:\/\/quimicaymedioambiente.unizar.es\/wp-content\/uploads\/IMG_9484-300x264.jpg 300w, https:\/\/quimicaymedioambiente.unizar.es\/wp-content\/uploads\/IMG_9484-768x675.jpg 768w, https:\/\/quimicaymedioambiente.unizar.es\/wp-content\/uploads\/IMG_9484-1536x1350.jpg 1536w, https:\/\/quimicaymedioambiente.unizar.es\/wp-content\/uploads\/IMG_9484-2048x1800.jpg 2048w\" sizes=\"(max-width: 1024px) 100vw, 1024px\" \/>\t\t\t\t\t\t\t\t\t\t\t\t\t\t\t<\/div>\n\t\t\t\t<\/div>\n\t\t\t\t\t<\/div>\n\t\t<\/div>\n\t\t\t\t\t\t\t<\/div>\n\t\t<\/section>\n\t\t\t\t<section class=\"elementor-section elementor-top-section elementor-element elementor-element-09502c6 elementor-section-boxed elementor-section-height-default elementor-section-height-default\" data-id=\"09502c6\" data-element_type=\"section\">\n\t\t\t\t\t\t<div class=\"elementor-container elementor-column-gap-default\">\n\t\t\t\t\t<div class=\"elementor-column elementor-col-100 elementor-top-column elementor-element elementor-element-09d89e3\" data-id=\"09d89e3\" data-element_type=\"column\">\n\t\t\t<div class=\"elementor-widget-wrap elementor-element-populated\">\n\t\t\t\t\t\t\t\t<div class=\"elementor-element elementor-element-19c7eaa elementor-widget elementor-widget-text-editor\" data-id=\"19c7eaa\" data-element_type=\"widget\" data-widget_type=\"text-editor.default\">\n\t\t\t\t<div class=\"elementor-widget-container\">\n\t\t\t\t\t\t\t<h3><strong>Febrero 2022<\/strong>. De izquierda a derecha: Jes\u00fas Anzano, Alfonso Calvo, Pepe Lloret, Fernando L\u00f3pez-Tejeira. Elisa Ab\u00e1s, C\u00e9sar Marina y Juan Buil<\/h3>\t\t\t\t\t\t<\/div>\n\t\t\t\t<\/div>\n\t\t\t\t<div class=\"elementor-element elementor-element-d3e66ec elementor-widget elementor-widget-image\" data-id=\"d3e66ec\" data-element_type=\"widget\" data-widget_type=\"image.default\">\n\t\t\t\t<div class=\"elementor-widget-container\">\n\t\t\t\t\t\t\t\t\t\t\t\t\t\t\t<img decoding=\"async\" src=\"https:\/\/quimicaymedioambiente.unizar.es\/wp-content\/uploads\/2021\/03\/Grupo_QMA.pdf\" title=\"\" alt=\"\" loading=\"lazy\" \/>\t\t\t\t\t\t\t\t\t\t\t\t\t\t\t<\/div>\n\t\t\t\t<\/div>\n\t\t\t\t\t<\/div>\n\t\t<\/div>\n\t\t\t\t\t\t\t<\/div>\n\t\t<\/section>\n\t\t\t\t<section class=\"elementor-section elementor-top-section elementor-element elementor-element-2cf4bcb elementor-section-boxed elementor-section-height-default elementor-section-height-default\" data-id=\"2cf4bcb\" data-element_type=\"section\">\n\t\t\t\t\t\t<div class=\"elementor-container elementor-column-gap-default\">\n\t\t\t\t\t<div class=\"elementor-column elementor-col-100 elementor-top-column elementor-element elementor-element-c26a8c5\" data-id=\"c26a8c5\" data-element_type=\"column\">\n\t\t\t<div class=\"elementor-widget-wrap elementor-element-populated\">\n\t\t\t\t\t\t\t\t<div class=\"elementor-element elementor-element-75ea48b elementor-widget elementor-widget-image\" data-id=\"75ea48b\" data-element_type=\"widget\" data-widget_type=\"image.default\">\n\t\t\t\t<div class=\"elementor-widget-container\">\n\t\t\t\t\t\t\t\t\t\t\t\t\t\t\t<img loading=\"lazy\" decoding=\"async\" width=\"604\" height=\"354\" src=\"https:\/\/quimicaymedioambiente.unizar.es\/wp-content\/uploads\/Captura-de-pantalla-2021-04-19-a-las-23.40.12.png\" class=\"attachment-large size-large wp-image-1936\" alt=\"\" srcset=\"https:\/\/quimicaymedioambiente.unizar.es\/wp-content\/uploads\/Captura-de-pantalla-2021-04-19-a-las-23.40.12.png 604w, https:\/\/quimicaymedioambiente.unizar.es\/wp-content\/uploads\/Captura-de-pantalla-2021-04-19-a-las-23.40.12-300x176.png 300w\" sizes=\"(max-width: 604px) 100vw, 604px\" \/>\t\t\t\t\t\t\t\t\t\t\t\t\t\t\t<\/div>\n\t\t\t\t<\/div>\n\t\t\t\t<div class=\"elementor-element elementor-element-fb0e4e6 elementor-widget elementor-widget-heading\" data-id=\"fb0e4e6\" data-element_type=\"widget\" data-widget_type=\"heading.default\">\n\t\t\t\t<div class=\"elementor-widget-container\">\n\t\t\t<h2 class=\"elementor-heading-title elementor-size-default\"><a href=\"http:\/\/personal.unizar.es\/anzano\">Jes\u00fas Anzano<\/a><\/h2>\t\t<\/div>\n\t\t\t\t<\/div>\n\t\t\t\t<div class=\"elementor-element elementor-element-8e73ad5 elementor-widget elementor-widget-heading\" data-id=\"8e73ad5\" data-element_type=\"widget\" data-widget_type=\"heading.default\">\n\t\t\t\t<div class=\"elementor-widget-container\">\n\t\t\t<h2 class=\"elementor-heading-title elementor-size-default\"><a href=\"http:\/\/personal.unizar.es\/flt\/\">Fernando L\u00f3pez-Tejeira<\/a><\/h2>\t\t<\/div>\n\t\t\t\t<\/div>\n\t\t\t\t\t<\/div>\n\t\t<\/div>\n\t\t\t\t\t\t\t<\/div>\n\t\t<\/section>\n\t\t\t\t\t\t\t<\/div>\n\t\t","protected":false},"excerpt":{"rendered":"<p>Febrero 2022. De izquierda a derecha: Jes\u00fas Anzano, Alfonso Calvo, Pepe Lloret, Fernando L\u00f3pez-Tejeira. Elisa Ab\u00e1s, C\u00e9sar Marina y Juan Buil Jes\u00fas Anzano Fernando L\u00f3pez-Tejeira<\/p>\n","protected":false},"author":1,"featured_media":0,"parent":0,"menu_order":0,"comment_status":"closed","ping_status":"closed","template":"","meta":{"footnotes":""},"_links":{"self":[{"href":"https:\/\/quimicaymedioambiente.unizar.es\/index.php?rest_route=\/wp\/v2\/pages\/545"}],"collection":[{"href":"https:\/\/quimicaymedioambiente.unizar.es\/index.php?rest_route=\/wp\/v2\/pages"}],"about":[{"href":"https:\/\/quimicaymedioambiente.unizar.es\/index.php?rest_route=\/wp\/v2\/types\/page"}],"author":[{"embeddable":true,"href":"https:\/\/quimicaymedioambiente.unizar.es\/index.php?rest_route=\/wp\/v2\/users\/1"}],"replies":[{"embeddable":true,"href":"https:\/\/quimicaymedioambiente.unizar.es\/index.php?rest_route=%2Fwp%2Fv2%2Fcomments&post=545"}],"version-history":[{"count":100,"href":"https:\/\/quimicaymedioambiente.unizar.es\/index.php?rest_route=\/wp\/v2\/pages\/545\/revisions"}],"predecessor-version":[{"id":2229,"href":"https:\/\/quimicaymedioambiente.unizar.es\/index.php?rest_route=\/wp\/v2\/pages\/545\/revisions\/2229"}],"wp:attachment":[{"href":"https:\/\/quimicaymedioambiente.unizar.es\/index.php?rest_route=%2Fwp%2Fv2%2Fmedia&parent=545"}],"curies":[{"name":"wp","href":"https:\/\/api.w.org\/{rel}","templated":true}]}}