{"id":2050,"date":"2021-05-13T10:39:25","date_gmt":"2021-05-13T08:39:25","guid":{"rendered":"https:\/\/quimicaymedioambiente.unizar.es\/?page_id=2050"},"modified":"2021-05-13T13:28:43","modified_gmt":"2021-05-13T11:28:43","slug":"elementor-2050","status":"publish","type":"page","link":"https:\/\/quimicaymedioambiente.unizar.es\/?page_id=2050","title":{"rendered":"Objetivos"},"content":{"rendered":"\t\t<div data-elementor-type=\"wp-page\" data-elementor-id=\"2050\" class=\"elementor elementor-2050\">\n\t\t\t\t\t\t\t\t\t<section class=\"elementor-section elementor-top-section elementor-element elementor-element-8b0dcd6 elementor-section-boxed elementor-section-height-default elementor-section-height-default\" data-id=\"8b0dcd6\" data-element_type=\"section\">\n\t\t\t\t\t\t<div class=\"elementor-container elementor-column-gap-default\">\n\t\t\t\t\t<div class=\"elementor-column elementor-col-33 elementor-top-column elementor-element elementor-element-563f358\" data-id=\"563f358\" data-element_type=\"column\">\n\t\t\t<div class=\"elementor-widget-wrap elementor-element-populated\">\n\t\t\t\t\t\t\t\t<div class=\"elementor-element elementor-element-a092222 elementor-widget elementor-widget-heading\" data-id=\"a092222\" data-element_type=\"widget\" data-widget_type=\"heading.default\">\n\t\t\t\t<div class=\"elementor-widget-container\">\n\t\t\t<h2 class=\"elementor-heading-title elementor-size-default\">Objetivos<\/h2>\t\t<\/div>\n\t\t\t\t<\/div>\n\t\t\t\t<div class=\"elementor-element elementor-element-8fff031 elementor-widget elementor-widget-text-editor\" data-id=\"8fff031\" data-element_type=\"widget\" data-widget_type=\"text-editor.default\">\n\t\t\t\t<div class=\"elementor-widget-container\">\n\t\t\t\t\t\t\t<p>Los objetivos generales de nuestro grupo se enmarcan en la estrategia aragonesa de investigaci\u00f3n e innovaci\u00f3n para una especializaci\u00f3n inteligente, RIS3 Arag\u00f3n, Figura 1. Dentro de los objetivos del Plan Auton\u00f3mico de investigaci\u00f3n de Arag\u00f3n los que inspiran los Planes de Investigaci\u00f3n de Arag\u00f3n y que se especifican en el art\u00edculo 11 de Ley de la Ciencia de Arag\u00f3n son:\u00a0<\/p><p>1. El fomento de la ciencia y la transferencia de tecnolog\u00eda en todos los campos.\u00a0<\/p><p>2. La articulaci\u00f3n de un sistema racional y sostenible de desarrollo cient\u00edfico y tecnol\u00f3gico.<\/p><p><span style=\"font-style: inherit; color: var( --e-global-color-text ); font-family: var( --e-global-typography-text-font-family ), Sans-serif;\">3. El avance de la innovaci\u00f3n y del desarrollo tecnol\u00f3gico, con la suficiente incidencia en la capacidad productiva de los diferentes sectores de la econom\u00eda aragonesa.\u00a0<\/span><\/p><p><span style=\"font-style: inherit; color: var( --e-global-color-text ); font-family: var( --e-global-typography-text-font-family ), Sans-serif;\">4. La mejora de la calidad de vida, tanto en lo relativo al bienestar social como a la salud y el acceso a la cultura.\u00a0<\/span><\/p><p><span style=\"font-style: inherit; color: var( --e-global-color-text ); font-family: var( --e-global-typography-text-font-family ), Sans-serif;\">5. La aplicaci\u00f3n de la tecnolog\u00eda para la defensa y conservaci\u00f3n del medio natural.\u00a0<\/span><\/p><p><span style=\"font-style: inherit; color: var( --e-global-color-text ); font-family: var( --e-global-typography-text-font-family ), Sans-serif;\">6. El ahorro energ\u00e9tico y la minimizaci\u00f3n en la producci\u00f3n de todo tipo de residuos.\u00a0<\/span><\/p><p><span style=\"font-style: inherit; color: var( --e-global-color-text ); font-family: var( --e-global-typography-text-font-family ), Sans-serif;\">7. La conservaci\u00f3n, defensa y promoci\u00f3n del patrimonio cultural de Arag\u00f3n.\u00a0<\/span><\/p><p><span style=\"font-style: inherit; color: var( --e-global-color-text ); font-family: var( --e-global-typography-text-font-family ), Sans-serif;\">8. El desarrollo de alternativas de ocio creativo y el potencial tur\u00edstico aragon\u00e9s\u00a0<\/span><\/p><p><span style=\"font-style: inherit; color: var( --e-global-color-text ); font-family: var( --e-global-typography-text-font-family ), Sans-serif;\">9. La consolidaci\u00f3n de una estructura investigadora de excelencia, mediante la creaci\u00f3n y promoci\u00f3n de infraestructuras estables de investigaci\u00f3n.\u00a0<\/span><\/p><p><span style=\"font-style: inherit; color: var( --e-global-color-text ); font-family: var( --e-global-typography-text-font-family ), Sans-serif;\">10.La formaci\u00f3n, inserci\u00f3n y movilidad del personal investigador.<\/span><\/p><p>\u00a0<\/p>\t\t\t\t\t\t<\/div>\n\t\t\t\t<\/div>\n\t\t\t\t<div class=\"elementor-element elementor-element-1214f6e elementor-widget elementor-widget-image\" data-id=\"1214f6e\" data-element_type=\"widget\" data-widget_type=\"image.default\">\n\t\t\t\t<div class=\"elementor-widget-container\">\n\t\t\t\t\t\t\t\t\t\t\t\t\t\t\t<img loading=\"lazy\" decoding=\"async\" width=\"934\" height=\"692\" src=\"https:\/\/quimicaymedioambiente.unizar.es\/wp-content\/uploads\/Captura-de-pantalla-2021-05-13-a-las-10.35.22.png\" class=\"attachment-large size-large wp-image-2052\" alt=\"\" srcset=\"https:\/\/quimicaymedioambiente.unizar.es\/wp-content\/uploads\/Captura-de-pantalla-2021-05-13-a-las-10.35.22.png 934w, https:\/\/quimicaymedioambiente.unizar.es\/wp-content\/uploads\/Captura-de-pantalla-2021-05-13-a-las-10.35.22-300x222.png 300w, https:\/\/quimicaymedioambiente.unizar.es\/wp-content\/uploads\/Captura-de-pantalla-2021-05-13-a-las-10.35.22-768x569.png 768w\" sizes=\"(max-width: 934px) 100vw, 934px\" \/>\t\t\t\t\t\t\t\t\t\t\t\t\t\t\t<\/div>\n\t\t\t\t<\/div>\n\t\t\t\t\t<\/div>\n\t\t<\/div>\n\t\t\t\t<div class=\"elementor-column elementor-col-33 elementor-top-column elementor-element elementor-element-e15c8f3\" data-id=\"e15c8f3\" data-element_type=\"column\">\n\t\t\t<div class=\"elementor-widget-wrap elementor-element-populated\">\n\t\t\t\t\t\t\t\t<div class=\"elementor-element elementor-element-c7d576f elementor-widget elementor-widget-heading\" data-id=\"c7d576f\" data-element_type=\"widget\" data-widget_type=\"heading.default\">\n\t\t\t\t<div class=\"elementor-widget-container\">\n\t\t\t<h2 class=\"elementor-heading-title elementor-size-default\">Misi\u00f3n<\/h2>\t\t<\/div>\n\t\t\t\t<\/div>\n\t\t\t\t<div class=\"elementor-element elementor-element-549366c elementor-widget elementor-widget-text-editor\" data-id=\"549366c\" data-element_type=\"widget\" data-widget_type=\"text-editor.default\">\n\t\t\t\t<div class=\"elementor-widget-container\">\n\t\t\t\t\t\t\t<p>El grupo de investigaci\u00f3n <em>Qu\u00edmica y Medio Ambiente<\/em> (QMA), es un grupo de trabajo con objetivos interdisciplinares que van desde aspectos aplicados de la Qu\u00edmica hasta el an\u00e1lisis aplicado medioambiental. Las capacidades cient\u00edficas del grupo son muy diversas entre las que destacan el desarrollo de nuevos m\u00e9todos anal\u00edticos de ultra-trazas de elementos met\u00e1licos y no-met\u00e1licos, el an\u00e1lisis de los recursos h\u00eddricos y del medio natural, la observaci\u00f3n, caracterizaci\u00f3n y modelizaci\u00f3n atmosf\u00e9rica o la aplicaci\u00f3n de la Qu\u00edmica a la Salud.<\/p>\t\t\t\t\t\t<\/div>\n\t\t\t\t<\/div>\n\t\t\t\t\t<\/div>\n\t\t<\/div>\n\t\t\t\t<div class=\"elementor-column elementor-col-33 elementor-top-column elementor-element elementor-element-94c60af\" data-id=\"94c60af\" data-element_type=\"column\">\n\t\t\t<div class=\"elementor-widget-wrap elementor-element-populated\">\n\t\t\t\t\t\t\t\t<div class=\"elementor-element elementor-element-83a2523 elementor-widget elementor-widget-heading\" data-id=\"83a2523\" data-element_type=\"widget\" data-widget_type=\"heading.default\">\n\t\t\t\t<div class=\"elementor-widget-container\">\n\t\t\t<h2 class=\"elementor-heading-title elementor-size-default\">Visi\u00f3n<\/h2>\t\t<\/div>\n\t\t\t\t<\/div>\n\t\t\t\t<div class=\"elementor-element elementor-element-6bd1395 elementor-widget elementor-widget-text-editor\" data-id=\"6bd1395\" data-element_type=\"widget\" data-widget_type=\"text-editor.default\">\n\t\t\t\t<div class=\"elementor-widget-container\">\n\t\t\t\t\t\t\t<p>Pretendemos contribuir a la mejora del bienestar y de la calidad de vida de los ciudadanos y de la totalidad del tejido social aragon\u00e9s, as\u00ed como a la creciente competitividad de sus empresas y de sus factores productivos, todo ello sometido a los principios de no discriminaci\u00f3n y de sostenibilidad. En definitiva, tal y como se formula en el art\u00edculo 1 de la Ley 9\/2003, de 12 de marzo, de fomento y coordinaci\u00f3n de la investigaci\u00f3n, el desarrollo y la transferencia de conocimientos de Arag\u00f3n, tienen como objetivo \u00faltimo conseguir una mejora continua del entorno social, el desarrollo socioecon\u00f3mico y calidad de vida de la poblaci\u00f3n aragonesa.<\/p>\t\t\t\t\t\t<\/div>\n\t\t\t\t<\/div>\n\t\t\t\t\t<\/div>\n\t\t<\/div>\n\t\t\t\t\t\t\t<\/div>\n\t\t<\/section>\n\t\t\t\t\t\t\t<\/div>\n\t\t","protected":false},"excerpt":{"rendered":"<p>Objetivos Los objetivos generales de nuestro grupo se enmarcan en la estrategia aragonesa de investigaci\u00f3n e innovaci\u00f3n para una especializaci\u00f3n inteligente, RIS3 Arag\u00f3n, Figura 1. Dentro de los objetivos del &hellip;<\/p>\n<p class=\"read-more\"> <a class=\"\" href=\"https:\/\/quimicaymedioambiente.unizar.es\/?page_id=2050\"> <span class=\"screen-reader-text\">Objetivos<\/span> Leer m\u00e1s &raquo;<\/a><\/p>\n","protected":false},"author":1,"featured_media":0,"parent":0,"menu_order":0,"comment_status":"closed","ping_status":"closed","template":"","meta":{"footnotes":""},"_links":{"self":[{"href":"https:\/\/quimicaymedioambiente.unizar.es\/index.php?rest_route=\/wp\/v2\/pages\/2050"}],"collection":[{"href":"https:\/\/quimicaymedioambiente.unizar.es\/index.php?rest_route=\/wp\/v2\/pages"}],"about":[{"href":"https:\/\/quimicaymedioambiente.unizar.es\/index.php?rest_route=\/wp\/v2\/types\/page"}],"author":[{"embeddable":true,"href":"https:\/\/quimicaymedioambiente.unizar.es\/index.php?rest_route=\/wp\/v2\/users\/1"}],"replies":[{"embeddable":true,"href":"https:\/\/quimicaymedioambiente.unizar.es\/index.php?rest_route=%2Fwp%2Fv2%2Fcomments&post=2050"}],"version-history":[{"count":8,"href":"https:\/\/quimicaymedioambiente.unizar.es\/index.php?rest_route=\/wp\/v2\/pages\/2050\/revisions"}],"predecessor-version":[{"id":2109,"href":"https:\/\/quimicaymedioambiente.unizar.es\/index.php?rest_route=\/wp\/v2\/pages\/2050\/revisions\/2109"}],"wp:attachment":[{"href":"https:\/\/quimicaymedioambiente.unizar.es\/index.php?rest_route=%2Fwp%2Fv2%2Fmedia&parent=2050"}],"curies":[{"name":"wp","href":"https:\/\/api.w.org\/{rel}","templated":true}]}}